{"id":10619,"date":"2026-01-19T12:35:34","date_gmt":"2026-01-19T11:35:34","guid":{"rendered":"https:\/\/animatravel.eu\/?post_type=product&#038;p=10619"},"modified":"2026-03-31T09:02:49","modified_gmt":"2026-03-31T07:02:49","slug":"sajam-tuzla","status":"publish","type":"product","link":"https:\/\/animatravel.eu\/de\/tours\/sajam-tuzla\/","title":{"rendered":"Sajam kave i \u010dokolade Tuzla"},"content":{"rendered":"<p><strong>3. Me\u0111unarodni sajam kave i \u010dokolade u Tuzli<\/strong> je manifestacija koja spaja ljubitelje kave i \u010dokolade iz svih krajeva svijeta, odr\u017eava se od 14.5-18.5.2026.godine. Od zabavnih, edukativnih pa sve do poslovnih sadr\u017eaja, svaki posjetitelj \u0107e prona\u0107i kutak i trenutak sa sebe uz komadi\u0107 omiljene \u010dokolade i ukusne kave!<\/p>\n<p><strong>Cijena aran\u017emana po osobi: 29,00 EUR<\/strong><\/p>\n<p><strong>Cijena aran\u017emana uklju\u010duje:<\/strong><\/p>\n<ul>\n<li>prijevoz turisti\u010dkim autobusom prema programu<\/li>\n<li>pratitelja putovanja<\/li>\n<li>tro\u0161kove organizacije<\/li>\n<li>osiguranje od odgovornosti i osiguranje jam\u010devine<\/li>\n<\/ul>\n<p><strong>\u00a0Cijena aran\u017emana ne uklju\u010duje:<\/strong><\/p>\n<ul>\n<li>dodatno zdravstveno osiguranje<\/li>\n<li>tro\u0161kove osobnih narud\u017ebi<\/li>\n<\/ul>\n","protected":false},"excerpt":{"rendered":"<p><span style=\"font-size: 12pt;\"><strong>16.5.2026.\u00a0<\/strong><\/span><\/p>\n","protected":false},"featured_media":10620,"comment_status":"open","ping_status":"closed","template":"","meta":[],"product_cat":[79],"product_tag":[],"yoast_head":"<!-- This site is optimized with the Yoast SEO plugin v20.1 - https:\/\/yoast.com\/wordpress\/plugins\/seo\/ -->\n<title>Sajam kave i \u010dokolade Tuzla - Animatravel - travel agency<\/title>\n<meta name=\"robots\" content=\"index, follow, max-snippet:-1, max-image-preview:large, max-video-preview:-1\" \/>\n<link rel=\"canonical\" href=\"https:\/\/animatravel.eu\/tours\/sajam-tuzla\/\" \/>\n<meta property=\"og:locale\" content=\"de_DE\" \/>\n<meta property=\"og:type\" content=\"article\" \/>\n<meta property=\"og:title\" content=\"Sajam kave i \u010dokolade Tuzla - Animatravel - travel agency\" \/>\n<meta property=\"og:description\" content=\"16.5.2026.\u00a0\" \/>\n<meta property=\"og:url\" content=\"https:\/\/animatravel.eu\/tours\/sajam-tuzla\/\" \/>\n<meta property=\"og:site_name\" content=\"Animatravel - travel agency\" \/>\n<meta property=\"article:publisher\" content=\"https:\/\/www.facebook.com\/animaturistickaagencija\/\" \/>\n<meta property=\"article:modified_time\" content=\"2026-03-31T07:02:49+00:00\" \/>\n<meta property=\"og:image\" content=\"https:\/\/animatravel.eu\/wp-content\/uploads\/2026\/01\/3-3.png\" \/>\n\t<meta property=\"og:image:width\" content=\"940\" \/>\n\t<meta property=\"og:image:height\" content=\"788\" \/>\n\t<meta property=\"og:image:type\" content=\"image\/png\" \/>\n<meta name=\"twitter:card\" content=\"summary_large_image\" \/>\n<meta name=\"twitter:label1\" content=\"Gesch\u00e4tzte Lesezeit\" \/>\n\t<meta name=\"twitter:data1\" content=\"1\u00a0Minute\" \/>\n<script type=\"application\/ld+json\" class=\"yoast-schema-graph\">{\"@context\":\"https:\/\/schema.org\",\"@graph\":[{\"@type\":\"WebPage\",\"@id\":\"https:\/\/animatravel.eu\/tours\/sajam-tuzla\/\",\"url\":\"https:\/\/animatravel.eu\/tours\/sajam-tuzla\/\",\"name\":\"Sajam kave i \u010dokolade Tuzla - Animatravel - travel agency\",\"isPartOf\":{\"@id\":\"https:\/\/animatravel.eu\/#website\"},\"datePublished\":\"2026-01-19T11:35:34+00:00\",\"dateModified\":\"2026-03-31T07:02:49+00:00\",\"breadcrumb\":{\"@id\":\"https:\/\/animatravel.eu\/tours\/sajam-tuzla\/#breadcrumb\"},\"inLanguage\":\"de\",\"potentialAction\":[{\"@type\":\"ReadAction\",\"target\":[\"https:\/\/animatravel.eu\/tours\/sajam-tuzla\/\"]}]},{\"@type\":\"BreadcrumbList\",\"@id\":\"https:\/\/animatravel.eu\/tours\/sajam-tuzla\/#breadcrumb\",\"itemListElement\":[{\"@type\":\"ListItem\",\"position\":1,\"name\":\"Po\u010detna stranica\",\"item\":\"https:\/\/animatravel.eu\/\"},{\"@type\":\"ListItem\",\"position\":2,\"name\":\"Proizvodi\",\"item\":\"https:\/\/animatravel.eu\/shop\/\"},{\"@type\":\"ListItem\",\"position\":3,\"name\":\"Sajam kave i \u010dokolade Tuzla\"}]},{\"@type\":\"WebSite\",\"@id\":\"https:\/\/animatravel.eu\/#website\",\"url\":\"https:\/\/animatravel.eu\/\",\"name\":\"Animatravel - travel agency\",\"description\":\"\",\"publisher\":{\"@id\":\"https:\/\/animatravel.eu\/#organization\"},\"potentialAction\":[{\"@type\":\"SearchAction\",\"target\":{\"@type\":\"EntryPoint\",\"urlTemplate\":\"https:\/\/animatravel.eu\/?s={search_term_string}\"},\"query-input\":\"required name=search_term_string\"}],\"inLanguage\":\"de\"},{\"@type\":\"Organization\",\"@id\":\"https:\/\/animatravel.eu\/#organization\",\"name\":\"Animatravel - travel agency\",\"url\":\"https:\/\/animatravel.eu\/\",\"logo\":{\"@type\":\"ImageObject\",\"inLanguage\":\"de\",\"@id\":\"https:\/\/animatravel.eu\/#\/schema\/logo\/image\/\",\"url\":\"https:\/\/animatravel.eu\/wp-content\/uploads\/2023\/02\/logo-black-favicon.jpg\",\"contentUrl\":\"https:\/\/animatravel.eu\/wp-content\/uploads\/2023\/02\/logo-black-favicon.jpg\",\"width\":512,\"height\":512,\"caption\":\"Animatravel - travel agency\"},\"image\":{\"@id\":\"https:\/\/animatravel.eu\/#\/schema\/logo\/image\/\"},\"sameAs\":[\"https:\/\/www.facebook.com\/animaturistickaagencija\/\",\"https:\/\/www.instagram.com\/animatravelagency\/\"]}]}<\/script>\n<!-- \/ Yoast SEO plugin. -->","yoast_head_json":{"title":"Sajam kave i \u010dokolade Tuzla - Animatravel - travel agency","robots":{"index":"index","follow":"follow","max-snippet":"max-snippet:-1","max-image-preview":"max-image-preview:large","max-video-preview":"max-video-preview:-1"},"canonical":"https:\/\/animatravel.eu\/tours\/sajam-tuzla\/","og_locale":"de_DE","og_type":"article","og_title":"Sajam kave i \u010dokolade Tuzla - Animatravel - travel agency","og_description":"16.5.2026.\u00a0","og_url":"https:\/\/animatravel.eu\/tours\/sajam-tuzla\/","og_site_name":"Animatravel - travel agency","article_publisher":"https:\/\/www.facebook.com\/animaturistickaagencija\/","article_modified_time":"2026-03-31T07:02:49+00:00","og_image":[{"width":940,"height":788,"url":"https:\/\/animatravel.eu\/wp-content\/uploads\/2026\/01\/3-3.png","type":"image\/png"}],"twitter_card":"summary_large_image","twitter_misc":{"Gesch\u00e4tzte Lesezeit":"1\u00a0Minute"},"schema":{"@context":"https:\/\/schema.org","@graph":[{"@type":"WebPage","@id":"https:\/\/animatravel.eu\/tours\/sajam-tuzla\/","url":"https:\/\/animatravel.eu\/tours\/sajam-tuzla\/","name":"Sajam kave i \u010dokolade Tuzla - Animatravel - travel agency","isPartOf":{"@id":"https:\/\/animatravel.eu\/#website"},"datePublished":"2026-01-19T11:35:34+00:00","dateModified":"2026-03-31T07:02:49+00:00","breadcrumb":{"@id":"https:\/\/animatravel.eu\/tours\/sajam-tuzla\/#breadcrumb"},"inLanguage":"de","potentialAction":[{"@type":"ReadAction","target":["https:\/\/animatravel.eu\/tours\/sajam-tuzla\/"]}]},{"@type":"BreadcrumbList","@id":"https:\/\/animatravel.eu\/tours\/sajam-tuzla\/#breadcrumb","itemListElement":[{"@type":"ListItem","position":1,"name":"Po\u010detna stranica","item":"https:\/\/animatravel.eu\/"},{"@type":"ListItem","position":2,"name":"Proizvodi","item":"https:\/\/animatravel.eu\/shop\/"},{"@type":"ListItem","position":3,"name":"Sajam kave i \u010dokolade Tuzla"}]},{"@type":"WebSite","@id":"https:\/\/animatravel.eu\/#website","url":"https:\/\/animatravel.eu\/","name":"Animatravel - travel agency","description":"","publisher":{"@id":"https:\/\/animatravel.eu\/#organization"},"potentialAction":[{"@type":"SearchAction","target":{"@type":"EntryPoint","urlTemplate":"https:\/\/animatravel.eu\/?s={search_term_string}"},"query-input":"required name=search_term_string"}],"inLanguage":"de"},{"@type":"Organization","@id":"https:\/\/animatravel.eu\/#organization","name":"Animatravel - travel agency","url":"https:\/\/animatravel.eu\/","logo":{"@type":"ImageObject","inLanguage":"de","@id":"https:\/\/animatravel.eu\/#\/schema\/logo\/image\/","url":"https:\/\/animatravel.eu\/wp-content\/uploads\/2023\/02\/logo-black-favicon.jpg","contentUrl":"https:\/\/animatravel.eu\/wp-content\/uploads\/2023\/02\/logo-black-favicon.jpg","width":512,"height":512,"caption":"Animatravel - travel agency"},"image":{"@id":"https:\/\/animatravel.eu\/#\/schema\/logo\/image\/"},"sameAs":["https:\/\/www.facebook.com\/animaturistickaagencija\/","https:\/\/www.instagram.com\/animatravelagency\/"]}]}},"_links":{"self":[{"href":"https:\/\/animatravel.eu\/de\/wp-json\/wp\/v2\/product\/10619"}],"collection":[{"href":"https:\/\/animatravel.eu\/de\/wp-json\/wp\/v2\/product"}],"about":[{"href":"https:\/\/animatravel.eu\/de\/wp-json\/wp\/v2\/types\/product"}],"replies":[{"embeddable":true,"href":"https:\/\/animatravel.eu\/de\/wp-json\/wp\/v2\/comments?post=10619"}],"wp:featuredmedia":[{"embeddable":true,"href":"https:\/\/animatravel.eu\/de\/wp-json\/wp\/v2\/media\/10620"}],"wp:attachment":[{"href":"https:\/\/animatravel.eu\/de\/wp-json\/wp\/v2\/media?parent=10619"}],"wp:term":[{"taxonomy":"product_cat","embeddable":true,"href":"https:\/\/animatravel.eu\/de\/wp-json\/wp\/v2\/product_cat?post=10619"},{"taxonomy":"product_tag","embeddable":true,"href":"https:\/\/animatravel.eu\/de\/wp-json\/wp\/v2\/product_tag?post=10619"}],"curies":[{"name":"wp","href":"https:\/\/api.w.org\/{rel}","templated":true}]}}