{"id":10679,"date":"2026-01-26T09:07:30","date_gmt":"2026-01-26T08:07:30","guid":{"rendered":"https:\/\/animatravel.eu\/?post_type=product&#038;p=10679"},"modified":"2026-04-01T10:15:46","modified_gmt":"2026-04-01T08:15:46","slug":"kozara","status":"publish","type":"product","link":"https:\/\/animatravel.eu\/de\/tours\/kozara\/","title":{"rendered":"Maj\u010din dan &#8211; Wellness u hotelu Bijele Vode Kozara i Banja Luka"},"content":{"rendered":"<p>Spa oaza u srcu<strong> nacionalnog parka ,,Kozara&#8220;<\/strong> i radionica <strong>muzikoterapije.<\/strong><\/p>\n<p>Planinski hotel Bijele vode, smje\u0161ten u srcu Nacionalnog parka Kozara, okru\u017een stoljetnom \u0161umom, mjesto je koje vas sigurno ne\u0107e ostaviti ravnodu\u0161nim.<\/p>\n<p>Na radionici muzikoterapije nau\u010dit \u0107ete kako glazbu koristiti za smanjenje stresa i opu\u0161tanje \u017eiv\u010danog sustava. Kroz prakti\u010dne vje\u017ebe nau\u010dit \u0107ete jednostavne tehnike opu\u0161tanja i koncentracije koje mo\u017eete koristiti kod ku\u0107e ili na poslu, razvijat \u0107ete svjesnost o svom tijelu i emocijama kroz slu\u0161anje glazbe, upoznat \u0107ete metode za smanjenje napetosti i osje\u0107aja preoptere\u0107enosti i isprobat \u0107ete kratke, konkretne vje\u017ebe koje poma\u017eu u smirivanju misli i ja\u010danju unutarnjeg fokusa.<\/p>\n<p>Materijal: sve \u0161to vam treba je osigurano i nije potrebno nikakvo prethodno muzi\u010dko iskustvo.<\/p>\n<p>Pridru\u017eite nam se i obnovite energiju, kreativnost i unutarnji mir!<\/p>\n<p><strong>Cijena aran\u017emana po osobi : 129,00 EUR <\/strong><\/p>\n<p><strong>Cijena aran\u017emana uklju\u010duje:<\/strong><\/p>\n<ul>\n<li>prijevoz turisti\u010dkim autobusom prema programu<\/li>\n<li>pratitelja putovanja<\/li>\n<li>no\u0107enje s doru\u010dkom<\/li>\n<li>otvoreni i zatvoreni bazen, tapidarium, jacuzzi, infra red sauna, tursko kupatilo, ruska sauna, finska sauna, teretana, tu\u0161 zadovoljstva, vanjski grijani jacuzzi u \u0161umi<\/li>\n<li>tro\u0161kove organizacije<\/li>\n<li>osiguranje od odgovornosti i osiguranje jam\u010devine.<\/li>\n<\/ul>\n<p><strong>\u00a0Cijena aran\u017emana ne uklju\u010duje:<\/strong><\/p>\n<ul>\n<li>dodatno zdravstveno osiguranje<\/li>\n<li>tro\u0161kove osobnih narud\u017ebi<\/li>\n<li>ve\u010dera<\/li>\n<li>nadoplata za jednokrevetnu sobu &#8211; 32,00 EUR (na upit, nadoplata na ra\u010dun agencije)<\/li>\n<li>boravi\u0161na taksa + osiguranje &#8211; 2,50 EUR\u00a0 (nadoplata na licu mjesta)<\/li>\n<li>masa\u017eni i kozmeti\u010dki studio sa svojim cjenovnikom (nadoplata na licu mjesta)<\/li>\n<li>radionica muzikoterapije &#8211; 7,00 EUR po osobi (nadoplata na ra\u010dun agencije)<\/li>\n<\/ul>\n","protected":false},"excerpt":{"rendered":"<p><span style=\"font-size: 14pt;\"><strong>9.5.-10.5.2026.<\/strong><\/span><\/p>\n","protected":false},"featured_media":10685,"comment_status":"open","ping_status":"closed","template":"","meta":[],"product_cat":[79],"product_tag":[],"yoast_head":"<!-- This site is optimized with the Yoast SEO plugin v20.1 - https:\/\/yoast.com\/wordpress\/plugins\/seo\/ -->\n<title>Maj\u010din dan - Wellness u hotelu Bijele Vode Kozara i Banja Luka - Animatravel - travel agency<\/title>\n<meta name=\"robots\" content=\"index, follow, max-snippet:-1, max-image-preview:large, max-video-preview:-1\" \/>\n<link rel=\"canonical\" href=\"https:\/\/animatravel.eu\/tours\/kozara\/\" \/>\n<meta property=\"og:locale\" content=\"de_DE\" \/>\n<meta property=\"og:type\" content=\"article\" \/>\n<meta property=\"og:title\" content=\"Maj\u010din dan - Wellness u hotelu Bijele Vode Kozara i Banja Luka - Animatravel - travel agency\" \/>\n<meta property=\"og:description\" content=\"9.5.-10.5.2026.\" \/>\n<meta property=\"og:url\" content=\"https:\/\/animatravel.eu\/tours\/kozara\/\" \/>\n<meta property=\"og:site_name\" content=\"Animatravel - travel agency\" \/>\n<meta property=\"article:publisher\" content=\"https:\/\/www.facebook.com\/animaturistickaagencija\/\" \/>\n<meta property=\"article:modified_time\" content=\"2026-04-01T08:15:46+00:00\" \/>\n<meta property=\"og:image\" content=\"https:\/\/animatravel.eu\/wp-content\/uploads\/2026\/01\/Bijele-Vode_140-1.jpg\" \/>\n\t<meta property=\"og:image:width\" content=\"1000\" \/>\n\t<meta property=\"og:image:height\" content=\"695\" \/>\n\t<meta property=\"og:image:type\" content=\"image\/jpeg\" \/>\n<meta name=\"twitter:card\" content=\"summary_large_image\" \/>\n<meta name=\"twitter:label1\" content=\"Gesch\u00e4tzte Lesezeit\" \/>\n\t<meta name=\"twitter:data1\" content=\"2\u00a0Minuten\" \/>\n<script type=\"application\/ld+json\" class=\"yoast-schema-graph\">{\"@context\":\"https:\/\/schema.org\",\"@graph\":[{\"@type\":\"WebPage\",\"@id\":\"https:\/\/animatravel.eu\/tours\/kozara\/\",\"url\":\"https:\/\/animatravel.eu\/tours\/kozara\/\",\"name\":\"Maj\u010din dan - Wellness u hotelu Bijele Vode Kozara i Banja Luka - Animatravel - travel agency\",\"isPartOf\":{\"@id\":\"https:\/\/animatravel.eu\/#website\"},\"datePublished\":\"2026-01-26T08:07:30+00:00\",\"dateModified\":\"2026-04-01T08:15:46+00:00\",\"breadcrumb\":{\"@id\":\"https:\/\/animatravel.eu\/tours\/kozara\/#breadcrumb\"},\"inLanguage\":\"de\",\"potentialAction\":[{\"@type\":\"ReadAction\",\"target\":[\"https:\/\/animatravel.eu\/tours\/kozara\/\"]}]},{\"@type\":\"BreadcrumbList\",\"@id\":\"https:\/\/animatravel.eu\/tours\/kozara\/#breadcrumb\",\"itemListElement\":[{\"@type\":\"ListItem\",\"position\":1,\"name\":\"Po\u010detna stranica\",\"item\":\"https:\/\/animatravel.eu\/\"},{\"@type\":\"ListItem\",\"position\":2,\"name\":\"Proizvodi\",\"item\":\"https:\/\/animatravel.eu\/shop\/\"},{\"@type\":\"ListItem\",\"position\":3,\"name\":\"Maj\u010din dan &#8211; Wellness u hotelu Bijele Vode Kozara i Banja Luka\"}]},{\"@type\":\"WebSite\",\"@id\":\"https:\/\/animatravel.eu\/#website\",\"url\":\"https:\/\/animatravel.eu\/\",\"name\":\"Animatravel - travel agency\",\"description\":\"\",\"publisher\":{\"@id\":\"https:\/\/animatravel.eu\/#organization\"},\"potentialAction\":[{\"@type\":\"SearchAction\",\"target\":{\"@type\":\"EntryPoint\",\"urlTemplate\":\"https:\/\/animatravel.eu\/?s={search_term_string}\"},\"query-input\":\"required name=search_term_string\"}],\"inLanguage\":\"de\"},{\"@type\":\"Organization\",\"@id\":\"https:\/\/animatravel.eu\/#organization\",\"name\":\"Animatravel - travel agency\",\"url\":\"https:\/\/animatravel.eu\/\",\"logo\":{\"@type\":\"ImageObject\",\"inLanguage\":\"de\",\"@id\":\"https:\/\/animatravel.eu\/#\/schema\/logo\/image\/\",\"url\":\"https:\/\/animatravel.eu\/wp-content\/uploads\/2023\/02\/logo-black-favicon.jpg\",\"contentUrl\":\"https:\/\/animatravel.eu\/wp-content\/uploads\/2023\/02\/logo-black-favicon.jpg\",\"width\":512,\"height\":512,\"caption\":\"Animatravel - travel agency\"},\"image\":{\"@id\":\"https:\/\/animatravel.eu\/#\/schema\/logo\/image\/\"},\"sameAs\":[\"https:\/\/www.facebook.com\/animaturistickaagencija\/\",\"https:\/\/www.instagram.com\/animatravelagency\/\"]}]}<\/script>\n<!-- \/ Yoast SEO plugin. -->","yoast_head_json":{"title":"Maj\u010din dan - Wellness u hotelu Bijele Vode Kozara i Banja Luka - Animatravel - travel agency","robots":{"index":"index","follow":"follow","max-snippet":"max-snippet:-1","max-image-preview":"max-image-preview:large","max-video-preview":"max-video-preview:-1"},"canonical":"https:\/\/animatravel.eu\/tours\/kozara\/","og_locale":"de_DE","og_type":"article","og_title":"Maj\u010din dan - Wellness u hotelu Bijele Vode Kozara i Banja Luka - Animatravel - travel agency","og_description":"9.5.-10.5.2026.","og_url":"https:\/\/animatravel.eu\/tours\/kozara\/","og_site_name":"Animatravel - travel agency","article_publisher":"https:\/\/www.facebook.com\/animaturistickaagencija\/","article_modified_time":"2026-04-01T08:15:46+00:00","og_image":[{"width":1000,"height":695,"url":"https:\/\/animatravel.eu\/wp-content\/uploads\/2026\/01\/Bijele-Vode_140-1.jpg","type":"image\/jpeg"}],"twitter_card":"summary_large_image","twitter_misc":{"Gesch\u00e4tzte Lesezeit":"2\u00a0Minuten"},"schema":{"@context":"https:\/\/schema.org","@graph":[{"@type":"WebPage","@id":"https:\/\/animatravel.eu\/tours\/kozara\/","url":"https:\/\/animatravel.eu\/tours\/kozara\/","name":"Maj\u010din dan - Wellness u hotelu Bijele Vode Kozara i Banja Luka - Animatravel - travel agency","isPartOf":{"@id":"https:\/\/animatravel.eu\/#website"},"datePublished":"2026-01-26T08:07:30+00:00","dateModified":"2026-04-01T08:15:46+00:00","breadcrumb":{"@id":"https:\/\/animatravel.eu\/tours\/kozara\/#breadcrumb"},"inLanguage":"de","potentialAction":[{"@type":"ReadAction","target":["https:\/\/animatravel.eu\/tours\/kozara\/"]}]},{"@type":"BreadcrumbList","@id":"https:\/\/animatravel.eu\/tours\/kozara\/#breadcrumb","itemListElement":[{"@type":"ListItem","position":1,"name":"Po\u010detna stranica","item":"https:\/\/animatravel.eu\/"},{"@type":"ListItem","position":2,"name":"Proizvodi","item":"https:\/\/animatravel.eu\/shop\/"},{"@type":"ListItem","position":3,"name":"Maj\u010din dan &#8211; Wellness u hotelu Bijele Vode Kozara i Banja Luka"}]},{"@type":"WebSite","@id":"https:\/\/animatravel.eu\/#website","url":"https:\/\/animatravel.eu\/","name":"Animatravel - travel agency","description":"","publisher":{"@id":"https:\/\/animatravel.eu\/#organization"},"potentialAction":[{"@type":"SearchAction","target":{"@type":"EntryPoint","urlTemplate":"https:\/\/animatravel.eu\/?s={search_term_string}"},"query-input":"required name=search_term_string"}],"inLanguage":"de"},{"@type":"Organization","@id":"https:\/\/animatravel.eu\/#organization","name":"Animatravel - travel agency","url":"https:\/\/animatravel.eu\/","logo":{"@type":"ImageObject","inLanguage":"de","@id":"https:\/\/animatravel.eu\/#\/schema\/logo\/image\/","url":"https:\/\/animatravel.eu\/wp-content\/uploads\/2023\/02\/logo-black-favicon.jpg","contentUrl":"https:\/\/animatravel.eu\/wp-content\/uploads\/2023\/02\/logo-black-favicon.jpg","width":512,"height":512,"caption":"Animatravel - travel agency"},"image":{"@id":"https:\/\/animatravel.eu\/#\/schema\/logo\/image\/"},"sameAs":["https:\/\/www.facebook.com\/animaturistickaagencija\/","https:\/\/www.instagram.com\/animatravelagency\/"]}]}},"_links":{"self":[{"href":"https:\/\/animatravel.eu\/de\/wp-json\/wp\/v2\/product\/10679"}],"collection":[{"href":"https:\/\/animatravel.eu\/de\/wp-json\/wp\/v2\/product"}],"about":[{"href":"https:\/\/animatravel.eu\/de\/wp-json\/wp\/v2\/types\/product"}],"replies":[{"embeddable":true,"href":"https:\/\/animatravel.eu\/de\/wp-json\/wp\/v2\/comments?post=10679"}],"wp:featuredmedia":[{"embeddable":true,"href":"https:\/\/animatravel.eu\/de\/wp-json\/wp\/v2\/media\/10685"}],"wp:attachment":[{"href":"https:\/\/animatravel.eu\/de\/wp-json\/wp\/v2\/media?parent=10679"}],"wp:term":[{"taxonomy":"product_cat","embeddable":true,"href":"https:\/\/animatravel.eu\/de\/wp-json\/wp\/v2\/product_cat?post=10679"},{"taxonomy":"product_tag","embeddable":true,"href":"https:\/\/animatravel.eu\/de\/wp-json\/wp\/v2\/product_tag?post=10679"}],"curies":[{"name":"wp","href":"https:\/\/api.w.org\/{rel}","templated":true}]}}