{"id":10721,"date":"2026-02-04T09:36:46","date_gmt":"2026-02-04T08:36:46","guid":{"rendered":"https:\/\/animatravel.eu\/?post_type=product&#038;p=10721"},"modified":"2026-02-05T08:57:59","modified_gmt":"2026-02-05T07:57:59","slug":"japod","status":"publish","type":"product","link":"https:\/\/animatravel.eu\/de\/tours\/japod\/","title":{"rendered":"Japodski otoci"},"content":{"rendered":"<p>U srcu rasko\u0161ne zelene oaze, izdi\u017eu\u0107i se ponosno iznad smaragdne rijeke Une, nalaze se <strong>Japodski otoci<\/strong>, skriveni raj u naselju Ra\u010di\u0107 nedaleko od Biha\u0107a. Japodski otoci \u010dine pet rije\u010dnih oto\u010di\u0107a koja su me\u0111usobno povezana drvenim mostovima. Naziv je dobio po Japodima, anti\u010dkom plemenu koje je nastanjivalo podru\u010dje srednjeg toka rijeke Une, a bili su specifi\u010dni po gradnji sojeni\u010dkih naselja.\u00a0Gledani iz zraka, Japodski otoci imaju oblik srca.<\/p>\n<p><strong>Cijena aran\u017emana po osobi: 55,00 \u20ac<\/strong><\/p>\n<p><strong>Cijena aran\u017emana uklju\u010duje: <\/strong><\/p>\n<ul>\n<li>prijevoz turisti\u010dkim autobusom prema programu<\/li>\n<li>voditelja putovanja<\/li>\n<li>usluge lokalnog turisti\u010dkog vodi\u010da<\/li>\n<li>razgled prema programu<\/li>\n<li>osiguranje jam\u010devine, tro\u0161kovi organizacije i realizacije putovanja<\/li>\n<\/ul>\n<p><strong>Cijena aran\u017emana ne uklju\u010duje:<\/strong><\/p>\n<ul>\n<li>vo\u017enja Unskom la\u0111om (drvenim \u010damcem) &#8211;\u00a0 8,00 EUR po osobi<\/li>\n<li>dodatno putno osiguranje<\/li>\n<li>ulaznice i tro\u0161kove osobnih narud\u017ebi<\/li>\n<\/ul>\n<p>&nbsp;<\/p>\n","protected":false},"excerpt":{"rendered":"<p><strong>17.5.2026.\u00a0<\/strong><\/p>\n","protected":false},"featured_media":10723,"comment_status":"closed","ping_status":"closed","template":"","meta":[],"product_cat":[79],"product_tag":[],"yoast_head":"<!-- This site is optimized with the Yoast SEO plugin v20.1 - https:\/\/yoast.com\/wordpress\/plugins\/seo\/ -->\n<title>Japodski otoci - Animatravel - travel agency<\/title>\n<meta name=\"robots\" content=\"index, follow, max-snippet:-1, max-image-preview:large, max-video-preview:-1\" \/>\n<link rel=\"canonical\" href=\"https:\/\/animatravel.eu\/tours\/japod\/\" \/>\n<meta property=\"og:locale\" content=\"de_DE\" \/>\n<meta property=\"og:type\" content=\"article\" \/>\n<meta property=\"og:title\" content=\"Japodski otoci - Animatravel - travel agency\" \/>\n<meta property=\"og:description\" content=\"17.5.2026.\u00a0\" \/>\n<meta property=\"og:url\" content=\"https:\/\/animatravel.eu\/tours\/japod\/\" \/>\n<meta property=\"og:site_name\" content=\"Animatravel - travel agency\" \/>\n<meta property=\"article:publisher\" content=\"https:\/\/www.facebook.com\/animaturistickaagencija\/\" \/>\n<meta property=\"article:modified_time\" content=\"2026-02-05T07:57:59+00:00\" \/>\n<meta property=\"og:image\" content=\"https:\/\/animatravel.eu\/wp-content\/uploads\/2026\/02\/DJI_20250502175424_0018_D-HDR-Enhanced-NR.jpg\" \/>\n\t<meta property=\"og:image:width\" content=\"1000\" \/>\n\t<meta property=\"og:image:height\" content=\"750\" \/>\n\t<meta property=\"og:image:type\" content=\"image\/jpeg\" \/>\n<meta name=\"twitter:card\" content=\"summary_large_image\" \/>\n<meta name=\"twitter:label1\" content=\"Gesch\u00e4tzte Lesezeit\" \/>\n\t<meta name=\"twitter:data1\" content=\"1\u00a0Minute\" \/>\n<script type=\"application\/ld+json\" class=\"yoast-schema-graph\">{\"@context\":\"https:\/\/schema.org\",\"@graph\":[{\"@type\":\"WebPage\",\"@id\":\"https:\/\/animatravel.eu\/tours\/japod\/\",\"url\":\"https:\/\/animatravel.eu\/tours\/japod\/\",\"name\":\"Japodski otoci - Animatravel - travel agency\",\"isPartOf\":{\"@id\":\"https:\/\/animatravel.eu\/#website\"},\"datePublished\":\"2026-02-04T08:36:46+00:00\",\"dateModified\":\"2026-02-05T07:57:59+00:00\",\"breadcrumb\":{\"@id\":\"https:\/\/animatravel.eu\/tours\/japod\/#breadcrumb\"},\"inLanguage\":\"de\",\"potentialAction\":[{\"@type\":\"ReadAction\",\"target\":[\"https:\/\/animatravel.eu\/tours\/japod\/\"]}]},{\"@type\":\"BreadcrumbList\",\"@id\":\"https:\/\/animatravel.eu\/tours\/japod\/#breadcrumb\",\"itemListElement\":[{\"@type\":\"ListItem\",\"position\":1,\"name\":\"Po\u010detna stranica\",\"item\":\"https:\/\/animatravel.eu\/\"},{\"@type\":\"ListItem\",\"position\":2,\"name\":\"Proizvodi\",\"item\":\"https:\/\/animatravel.eu\/shop\/\"},{\"@type\":\"ListItem\",\"position\":3,\"name\":\"Japodski otoci\"}]},{\"@type\":\"WebSite\",\"@id\":\"https:\/\/animatravel.eu\/#website\",\"url\":\"https:\/\/animatravel.eu\/\",\"name\":\"Animatravel - travel agency\",\"description\":\"\",\"publisher\":{\"@id\":\"https:\/\/animatravel.eu\/#organization\"},\"potentialAction\":[{\"@type\":\"SearchAction\",\"target\":{\"@type\":\"EntryPoint\",\"urlTemplate\":\"https:\/\/animatravel.eu\/?s={search_term_string}\"},\"query-input\":\"required name=search_term_string\"}],\"inLanguage\":\"de\"},{\"@type\":\"Organization\",\"@id\":\"https:\/\/animatravel.eu\/#organization\",\"name\":\"Animatravel - travel agency\",\"url\":\"https:\/\/animatravel.eu\/\",\"logo\":{\"@type\":\"ImageObject\",\"inLanguage\":\"de\",\"@id\":\"https:\/\/animatravel.eu\/#\/schema\/logo\/image\/\",\"url\":\"https:\/\/animatravel.eu\/wp-content\/uploads\/2023\/02\/logo-black-favicon.jpg\",\"contentUrl\":\"https:\/\/animatravel.eu\/wp-content\/uploads\/2023\/02\/logo-black-favicon.jpg\",\"width\":512,\"height\":512,\"caption\":\"Animatravel - travel agency\"},\"image\":{\"@id\":\"https:\/\/animatravel.eu\/#\/schema\/logo\/image\/\"},\"sameAs\":[\"https:\/\/www.facebook.com\/animaturistickaagencija\/\",\"https:\/\/www.instagram.com\/animatravelagency\/\"]}]}<\/script>\n<!-- \/ Yoast SEO plugin. -->","yoast_head_json":{"title":"Japodski otoci - Animatravel - travel agency","robots":{"index":"index","follow":"follow","max-snippet":"max-snippet:-1","max-image-preview":"max-image-preview:large","max-video-preview":"max-video-preview:-1"},"canonical":"https:\/\/animatravel.eu\/tours\/japod\/","og_locale":"de_DE","og_type":"article","og_title":"Japodski otoci - Animatravel - travel agency","og_description":"17.5.2026.\u00a0","og_url":"https:\/\/animatravel.eu\/tours\/japod\/","og_site_name":"Animatravel - travel agency","article_publisher":"https:\/\/www.facebook.com\/animaturistickaagencija\/","article_modified_time":"2026-02-05T07:57:59+00:00","og_image":[{"width":1000,"height":750,"url":"https:\/\/animatravel.eu\/wp-content\/uploads\/2026\/02\/DJI_20250502175424_0018_D-HDR-Enhanced-NR.jpg","type":"image\/jpeg"}],"twitter_card":"summary_large_image","twitter_misc":{"Gesch\u00e4tzte Lesezeit":"1\u00a0Minute"},"schema":{"@context":"https:\/\/schema.org","@graph":[{"@type":"WebPage","@id":"https:\/\/animatravel.eu\/tours\/japod\/","url":"https:\/\/animatravel.eu\/tours\/japod\/","name":"Japodski otoci - Animatravel - travel agency","isPartOf":{"@id":"https:\/\/animatravel.eu\/#website"},"datePublished":"2026-02-04T08:36:46+00:00","dateModified":"2026-02-05T07:57:59+00:00","breadcrumb":{"@id":"https:\/\/animatravel.eu\/tours\/japod\/#breadcrumb"},"inLanguage":"de","potentialAction":[{"@type":"ReadAction","target":["https:\/\/animatravel.eu\/tours\/japod\/"]}]},{"@type":"BreadcrumbList","@id":"https:\/\/animatravel.eu\/tours\/japod\/#breadcrumb","itemListElement":[{"@type":"ListItem","position":1,"name":"Po\u010detna stranica","item":"https:\/\/animatravel.eu\/"},{"@type":"ListItem","position":2,"name":"Proizvodi","item":"https:\/\/animatravel.eu\/shop\/"},{"@type":"ListItem","position":3,"name":"Japodski otoci"}]},{"@type":"WebSite","@id":"https:\/\/animatravel.eu\/#website","url":"https:\/\/animatravel.eu\/","name":"Animatravel - travel agency","description":"","publisher":{"@id":"https:\/\/animatravel.eu\/#organization"},"potentialAction":[{"@type":"SearchAction","target":{"@type":"EntryPoint","urlTemplate":"https:\/\/animatravel.eu\/?s={search_term_string}"},"query-input":"required name=search_term_string"}],"inLanguage":"de"},{"@type":"Organization","@id":"https:\/\/animatravel.eu\/#organization","name":"Animatravel - travel agency","url":"https:\/\/animatravel.eu\/","logo":{"@type":"ImageObject","inLanguage":"de","@id":"https:\/\/animatravel.eu\/#\/schema\/logo\/image\/","url":"https:\/\/animatravel.eu\/wp-content\/uploads\/2023\/02\/logo-black-favicon.jpg","contentUrl":"https:\/\/animatravel.eu\/wp-content\/uploads\/2023\/02\/logo-black-favicon.jpg","width":512,"height":512,"caption":"Animatravel - travel agency"},"image":{"@id":"https:\/\/animatravel.eu\/#\/schema\/logo\/image\/"},"sameAs":["https:\/\/www.facebook.com\/animaturistickaagencija\/","https:\/\/www.instagram.com\/animatravelagency\/"]}]}},"_links":{"self":[{"href":"https:\/\/animatravel.eu\/de\/wp-json\/wp\/v2\/product\/10721"}],"collection":[{"href":"https:\/\/animatravel.eu\/de\/wp-json\/wp\/v2\/product"}],"about":[{"href":"https:\/\/animatravel.eu\/de\/wp-json\/wp\/v2\/types\/product"}],"replies":[{"embeddable":true,"href":"https:\/\/animatravel.eu\/de\/wp-json\/wp\/v2\/comments?post=10721"}],"wp:featuredmedia":[{"embeddable":true,"href":"https:\/\/animatravel.eu\/de\/wp-json\/wp\/v2\/media\/10723"}],"wp:attachment":[{"href":"https:\/\/animatravel.eu\/de\/wp-json\/wp\/v2\/media?parent=10721"}],"wp:term":[{"taxonomy":"product_cat","embeddable":true,"href":"https:\/\/animatravel.eu\/de\/wp-json\/wp\/v2\/product_cat?post=10721"},{"taxonomy":"product_tag","embeddable":true,"href":"https:\/\/animatravel.eu\/de\/wp-json\/wp\/v2\/product_tag?post=10721"}],"curies":[{"name":"wp","href":"https:\/\/api.w.org\/{rel}","templated":true}]}}